{"id":177,"date":"2018-06-08T08:51:20","date_gmt":"2018-06-08T01:51:20","guid":{"rendered":"https:\/\/localhost\/theme\/?page_id=177"},"modified":"2021-03-02T11:33:40","modified_gmt":"2021-03-02T04:33:40","slug":"chinh-sach-bao-mat","status":"publish","type":"page","link":"https:\/\/linhkienvanthai.com\/zh\/chinh-sach-bao-mat\/","title":{"rendered":"Ch\u00ednh s\u00e1ch b\u1ea3o m\u1eadt"},"content":{"rendered":"\n<p><strong><em>a) M\u1ee5c \u0111\u00edch thu th\u1eadp th\u00f4ng tin c\u00e1 nh\u00e2n:<\/em><\/strong><\/p>\n<p>Ch\u00fang t\u00f4i c\u00f3 th\u1ec3 thu th\u1eadp th\u00f4ng tin v\u1ec1, h\u1ecd t\u00ean, \u0111\u1ecba ch\u1ec9, \u0111i\u1ec7n tho\u1ea1i, email, m\u1eadt kh\u1ea9u, ti\u00eau \u0111\u1ec1, n\u1ed9i dung, s\u1ed1 l\u1ea7n vi\u1ebfng th\u0103m, bao g\u1ed3m s\u1ed1 trang b\u1ea1n xem, s\u1ed1 links (li\u00ean k\u1ebft) b\u1ea1n click v\u00e0 nh\u1eefng th\u00f4ng tin kh\u00e1c li\u00ean quan \u0111\u1ebfn vi\u1ec7c k\u1ebft n\u1ed1i \u0111\u1ebfn trang web ch\u00fang t\u00f4i.<\/p>\n<p><strong><em>b) Ph\u1ea1m vi s\u1eed d\u1ee5ng th\u00f4ng tin<\/em><\/strong><\/p>\n<p>Cung c\u1ea5p th\u00f4ng tin v\u1ec1 d\u1ecbch v\u1ee5 m\u00e0 c\u00f4ng ty \u0111ang cung c\u1ea5p \u0111\u1ebfn kh\u00e1ch h\u00e0ng;<\/p>\n<p><strong><em>c) Th\u1eddi gian l\u01b0u tr\u1eef th\u00f4ng tin;<\/em><\/strong><\/p>\n<p>D\u1eef li\u1ec7u c\u00e1 nh\u00e2n s\u1ebd \u0111\u01b0\u1ee3c l\u01b0u tr\u1eef m\u00e3i m\u00e3i cho \u0111\u1ebfn khi c\u00f3 y\u00eau c\u1ea7u h\u1ee7y b\u1ecf t\u1eeb ph\u00eda kh\u00e1ch h\u00e0ng. Y\u00eau c\u1ea7u h\u1ee7y b\u1ecf th\u00f4ng tin kh\u00e1ch h\u00e0ng g\u1eedi v\u1ec1 \u0111\u1ecba ch\u1ec9 email\u00a0linhkienvanthai@gmail.com<\/p>\n<p><strong><em>\u00a0<\/em><\/strong><\/p>\n<p><strong><em>d) Nh\u1eefng ng\u01b0\u1eddi ho\u1eb7c t\u1ed5 ch\u1ee9c c\u00f3 th\u1ec3 \u0111\u01b0\u1ee3c ti\u1ebfp c\u1eadn v\u1edbi th\u00f4ng tin \u0111\u00f3<\/em><\/strong><\/p>\n<p>\u0110\u1ed1i t\u01b0\u1ee3ng \u0111\u01b0\u1ee3c ti\u1ebfp c\u1eadn v\u1edbi th\u00f4ng tin c\u00e1 nh\u00e2n c\u1ee7a kh\u00e1ch h\u00e0ng thu\u1ed9c m\u1ed9t trong nh\u1eefng tr\u01b0\u1eddng h\u1ee3p sau:<\/p>\n<p>&#8211; Nh\u00e2n vi\u00ean c\u1ee7a c\u00f4ng ty<\/p>\n<p>&#8211; C\u00e1c \u0111\u1ed1i t\u00e1c c\u00f3 k\u00fd h\u1ee3p \u0111\u1ed9ng th\u1ef1c hi\u1ec7n 1 ph\u1ea7n d\u1ecbch v\u1ee5 c\u1ee7a C\u00f4ng Ty. C\u00e1c \u0111\u1ed1i t\u00e1c n\u00e0y s\u1ebd nh\u1eadn \u0111\u01b0\u1ee3c nh\u1eefng th\u00f4ng tin theo th\u1ecfa thu\u1eadn h\u1ee3p \u0111\u1ed3ng (c\u00f3 th\u1ec3 1 ph\u1ea7n ho\u1eb7c to\u00e0n b\u1ed9 th\u00f4ng tin tuy theo \u0111i\u1ec1u kho\u1ea3n h\u1ee3p \u0111\u1ed3ng) \u0111\u1ec3 ti\u1ebfn h\u00e0nh h\u1ed7 tr\u1ee3 ng\u01b0\u1eddi d\u00f9ng s\u1eed d\u1ee5ng d\u1ecbch v\u1ee5 do C\u00f4ng ty cung c\u1ea5p.<\/p>\n<p>&#8211; C\u01a1 quan nh\u00e0 n\u01b0\u1edbc c\u00f3 th\u1ea9m quy\u1ec1n trong tr\u01b0\u1eddng h\u1ee3p c\u00f3 y\u00eau c\u1ea7u theo quy \u0111\u1ecbnh<\/p>\n<p><strong><em>\u0111) \u0110\u1ecba ch\u1ec9 c\u1ee7a \u0111\u01a1n v\u1ecb thu th\u1eadp v\u00e0 qu\u1ea3n l\u00fd th\u00f4ng tin, bao g\u1ed3m c\u00e1ch th\u1ee9c li\u00ean l\u1ea1c \u0111\u1ec3 ng\u01b0\u1eddi ti\u00eau d\u00f9ng c\u00f3 th\u1ec3 h\u1ecfi v\u1ec1 ho\u1ea1t \u0111\u1ed9ng thu th\u1eadp, x\u1eed l\u00fd th\u00f4ng tin li\u00ean quan \u0111\u1ebfn c\u00e1 nh\u00e2n m\u00ecnh;<\/em><\/strong><\/p>\n<p>C\u00f4ng Ty TNHH Th\u01b0\u01a1ng M\u1ea1i M\u00e1y M\u00f3c Thi\u1ebft B\u1ecb V\u0103n Th\u00e1i<\/p>\n<p>V\u0103n ph\u00f2ng : 951\/19A h\u01b0\u01a1ng L\u1ed9 2, P. B\u00ecnh Tr\u1ecb \u0110\u00f4ng A, Q. B\u00ecnh T\u00e2n, Tp. H\u1ed3 Ch\u00ed Minh\u00a0\u00a0\u00a0<\/p>\n<p>Hotline: 0384393888\u00a0<\/p>\n<p>Email: linhkienvanthai@gmail.com<\/p>\n<p>\u00a0<\/p>\n<p><strong><em>e) Ph\u01b0\u01a1ng th\u1ee9c v\u00e0 c\u00f4ng c\u1ee5 \u0111\u1ec3 ng\u01b0\u1eddi ti\u00eau d\u00f9ng ti\u1ebfp c\u1eadn v\u00e0 ch\u1ec9nh s\u1eeda d\u1eef li\u1ec7u c\u00e1 nh\u00e2n c\u1ee7a m\u00ecnh tr\u00ean h\u1ec7 th\u1ed1ng th\u01b0\u01a1ng m\u1ea1i \u0111i\u1ec7n t\u1eed c\u1ee7a \u0111\u01a1n v\u1ecb thu th\u1eadp th\u00f4ng tin.<\/em><\/strong><\/p>\n<p><strong>B\u01b0\u1edbc 1:<\/strong> Kh\u00e1ch h\u00e0ng c\u00f3 th\u1ec3 g\u1eedi khi\u1ebfu n\u1ea1i c\u1ee7a m\u00ecnh \u0111\u1ebfn c\u00f4ng ty qua c\u00e1c ph\u01b0\u01a1ng ti\u1ec7n sau:<\/p>\n<p>Qua s\u1ed1 \u0111i\u1ec7n tho\u1ea1i <strong>0384393888\u00a0\u00a0\u00a0\u00a0\u00a0\u00a0<\/strong>\u00a0\u00a0\u00a0\u00a0\u00a0<\/p>\n<p>Qua email: linhkienvanthai@gmail.com<\/p>\n<p>T\u1ea1i v\u0103n ph\u00f2ng c\u00f4ng ty: 951\/19A h\u01b0\u01a1ng L\u1ed9 2, P. B\u00ecnh Tr\u1ecb \u0110\u00f4ng A, Q. B\u00ecnh T\u00e2n, Tp. H\u1ed3 Ch\u00ed Minh<\/p>\n<p><strong>B\u01b0\u1edbc 2:<\/strong> C\u00f4ng ty s\u1ebd li\u00ean l\u1ea1c v\u1edbi kh\u00e1ch h\u00e0ng \u0111\u1ec3 t\u00ecm ra nguy\u00ean nh\u00e2n v\u00e0 x\u1eed l\u00fd tri\u1ec7t \u0111\u1ec3.<\/p>\n<p><strong><em>f) C\u01a1 ch\u1ebf ti\u1ebfp nh\u1eadn v\u00e0 gi\u1ea3i quy\u1ebft khi\u1ebfu n\u1ea1i c\u1ee7a ng\u01b0\u1eddi ti\u00eau d\u00f9ng li\u00ean quan \u0111\u1ebfn vi\u1ec7c th\u00f4ng tin c\u00e1 nh\u00e2n b\u1ecb s\u1eed d\u1ee5ng sai m\u1ee5c \u0111\u00edch ho\u1eb7c ph\u1ea1m vi \u0111\u00e3 th\u00f4ng b\u00e1o.<\/em><\/strong><\/p>\n<p>Kh\u00e1ch h\u00e0ng c\u00f3 quy\u1ec1n g\u1eedi khi\u1ebfu n\u1ea1i v\u1ec1 vi\u1ec7c l\u1ed9 th\u00f4ng tin \u0111\u1ebfn \u0111\u1ecba ch\u1ec9 C\u00f4ng ty ho\u1eb7c qua email.<\/p>\n<p>Email:\u00a0linhkienvanthai@gmail.com<\/p>\n<p>C\u00f4ng ty c\u00f3 tr\u00e1ch nhi\u1ec7m th\u1ef1c hi\u1ec7n c\u00e1c bi\u1ec7n ph\u00e1p k\u1ef9 thu\u1eadt, nghi\u1ec7p v\u1ee5 \u0111\u1ec3 x\u00e1c minh c\u00e1c n\u1ed9i dung \u0111\u01b0\u1ee3c ph\u1ea3n \u00e1nh.<\/p>\n<p>Th\u1eddi gian x\u1ee9 l\u00fd ph\u1ea3n \u00e1nh l\u00e0 15 \u2013 30 ng\u00e0y.<\/p>\n<p>\u00a0<\/p>\n","protected":false},"excerpt":{"rendered":"<p>a) M\u1ee5c \u0111\u00edch thu th\u1eadp th\u00f4ng tin c\u00e1 nh\u00e2n: Ch\u00fang t\u00f4i c\u00f3 th [&hellip;]<\/p>\n","protected":false},"author":4,"featured_media":0,"parent":0,"menu_order":0,"comment_status":"closed","ping_status":"closed","template":"","meta":{"footnotes":""},"class_list":["post-177","page","type-page","status-publish","hentry"],"_links":{"self":[{"href":"https:\/\/linhkienvanthai.com\/zh\/wp-json\/wp\/v2\/pages\/177","targetHints":{"allow":["GET"]}}],"collection":[{"href":"https:\/\/linhkienvanthai.com\/zh\/wp-json\/wp\/v2\/pages"}],"about":[{"href":"https:\/\/linhkienvanthai.com\/zh\/wp-json\/wp\/v2\/types\/page"}],"author":[{"embeddable":true,"href":"https:\/\/linhkienvanthai.com\/zh\/wp-json\/wp\/v2\/users\/4"}],"replies":[{"embeddable":true,"href":"https:\/\/linhkienvanthai.com\/zh\/wp-json\/wp\/v2\/comments?post=177"}],"version-history":[{"count":5,"href":"https:\/\/linhkienvanthai.com\/zh\/wp-json\/wp\/v2\/pages\/177\/revisions"}],"predecessor-version":[{"id":1687,"href":"https:\/\/linhkienvanthai.com\/zh\/wp-json\/wp\/v2\/pages\/177\/revisions\/1687"}],"wp:attachment":[{"href":"https:\/\/linhkienvanthai.com\/zh\/wp-json\/wp\/v2\/media?parent=177"}],"curies":[{"name":"wp","href":"https:\/\/api.w.org\/{rel}","templated":true}]}}