{"id":5934,"date":"2023-02-04T15:00:21","date_gmt":"2023-02-04T08:00:21","guid":{"rendered":"https:\/\/linhkienvanthai.com\/?post_type=product&#038;p=5934"},"modified":"2023-02-06T11:06:55","modified_gmt":"2023-02-06T04:06:55","slug":"banh-rang-nhong-xich","status":"publish","type":"product","link":"https:\/\/linhkienvanthai.com\/zh\/san-pham\/banh-rang-nhong-xich\/","title":{"rendered":"(Ti\u1ebfng Vi\u1ec7t) B\u00c1NH R\u0102NG NHONG X\u00cdCH"},"content":{"rendered":"<p class=\"qtranxs-available-languages-message qtranxs-available-languages-message-zh\">\u5bf9\u4e0d\u8d77\uff0c\u6b64\u5185\u5bb9\u53ea\u9002\u7528\u4e8e<a href=\"https:\/\/linhkienvanthai.com\/vi\/wp-json\/wp\/v2\/product\/5934\" class=\"qtranxs-available-language-link qtranxs-available-language-link-vi\" title=\"Ti\u1ebfng Vi\u1ec7t\">Ti\u1ebfng Vi\u1ec7t<\/a>\u3002<\/p>","protected":false},"excerpt":{"rendered":"<p>\u5bf9\u4e0d\u8d77\uff0c\u6b64\u5185\u5bb9\u53ea\u9002\u7528\u4e8eTi\u1ebfng Vi\u1ec7t\u3002<\/p>\n","protected":false},"featured_media":5935,"comment_status":"closed","ping_status":"closed","template":"","meta":[],"product_brand":[],"product_cat":[30,51],"product_tag":[374,369],"class_list":{"0":"post-5934","1":"product","2":"type-product","3":"status-publish","4":"has-post-thumbnail","6":"product_cat-san-pham-noi-bat","7":"product_cat-linh-kien-vat-tu-hao-mon-may-cat-day-dong","8":"product_tag-banh-rang-nhong-xich","9":"product_tag-linh-kien","11":"first","12":"instock","13":"shipping-taxable","14":"product-type-simple"},"_links":{"self":[{"href":"https:\/\/linhkienvanthai.com\/zh\/wp-json\/wp\/v2\/product\/5934","targetHints":{"allow":["GET"]}}],"collection":[{"href":"https:\/\/linhkienvanthai.com\/zh\/wp-json\/wp\/v2\/product"}],"about":[{"href":"https:\/\/linhkienvanthai.com\/zh\/wp-json\/wp\/v2\/types\/product"}],"replies":[{"embeddable":true,"href":"https:\/\/linhkienvanthai.com\/zh\/wp-json\/wp\/v2\/comments?post=5934"}],"wp:featuredmedia":[{"embeddable":true,"href":"https:\/\/linhkienvanthai.com\/zh\/wp-json\/wp\/v2\/media\/5935"}],"wp:attachment":[{"href":"https:\/\/linhkienvanthai.com\/zh\/wp-json\/wp\/v2\/media?parent=5934"}],"wp:term":[{"taxonomy":"product_brand","embeddable":true,"href":"https:\/\/linhkienvanthai.com\/zh\/wp-json\/wp\/v2\/product_brand?post=5934"},{"taxonomy":"product_cat","embeddable":true,"href":"https:\/\/linhkienvanthai.com\/zh\/wp-json\/wp\/v2\/product_cat?post=5934"},{"taxonomy":"product_tag","embeddable":true,"href":"https:\/\/linhkienvanthai.com\/zh\/wp-json\/wp\/v2\/product_tag?post=5934"}],"curies":[{"name":"wp","href":"https:\/\/api.w.org\/{rel}","templated":true}]}}